{"id":161666,"date":"2015-01-11T12:19:22","date_gmt":"2015-01-11T11:19:22","guid":{"rendered":"https:\/\/vellumfinance.com\/blog\/"},"modified":"2025-11-16T02:31:16","modified_gmt":"2025-11-16T01:31:16","slug":"blog","status":"publish","type":"page","link":"https:\/\/vellumfinance.com\/es\/blog\/","title":{"rendered":"Blog"},"content":{"rendered":"<div class=\"wpb-content-wrapper\"><p>[vc_row unlock_row_content=\u00bbyes\u00bb row_height_percent=\u00bb75&#8243; override_padding=\u00bbyes\u00bb h_padding=\u00bb0&#8243; top_padding=\u00bb0&#8243; bottom_padding=\u00bb0&#8243; back_color=\u00bbcolor-nhtu\u00bb overlay_alpha=\u00bb50&#8243; gutter_size=\u00bb3&#8243; column_width_percent=\u00bb100&#8243; shift_y=\u00bb0&#8243; z_index=\u00bb0&#8243; bottom_divider=\u00bbgradient\u00bb uncode_shortcode_id=\u00bb200625&#8243; back_color_type=\u00bbuncode-palette\u00bb][vc_column column_width_percent=\u00bb100&#8243; align_horizontal=\u00bbalign_center\u00bb gutter_size=\u00bb3&#8243; style=\u00bbdark\u00bb font_family=\u00bbfont-955596&#8243; overlay_alpha=\u00bb50&#8243; shift_x=\u00bb0&#8243; shift_y=\u00bb0&#8243; shift_y_down=\u00bb0&#8243; z_index=\u00bb0&#8243; medium_width=\u00bb0&#8243; mobile_width=\u00bb0&#8243; width=\u00bb1\/1&#8243; uncode_shortcode_id=\u00bb946792&#8243;][uncode_index el_id=\u00bbindex-124363&#8243; loop=\u00bbsize:1|order_by:date|post_type:post|taxonomy_count:10&#8243; style_preset=\u00bbmetro\u00bb single_height_viewport=\u00bbyes\u00bb screen_lg=\u00bb100&#8243; screen_md=\u00bb100&#8243; screen_sm=\u00bb100&#8243; gutter_size=\u00bb0&#8243; post_items=\u00bbmedia|featured|onpost|original,spacer|one,title|-,text|excerpt|80,spacer_two|one,link|default|default_size|not_scale_mobile|default_width|default_outline|Leer M\u00e1s\u00bb single_text=\u00bboverlay\u00bb single_width=\u00bb12&#8243; single_fluid_height=\u00bb75&#8243; single_overlay_color=\u00bbcolor-nhtu\u00bb single_overlay_coloration=\u00bbbottom_gradient\u00bb single_overlay_opacity=\u00bb100&#8243; single_overlay_visible=\u00bbyes\u00bb single_overlay_anim=\u00bbno\u00bb single_text_visible=\u00bbyes\u00bb single_text_anim=\u00bbno\u00bb single_image_anim=\u00bbno\u00bb single_h_align=\u00bbcenter\u00bb single_reduced=\u00bblimit-width\u00bb single_padding=\u00bb2&#8243; single_elements_click=\u00bbyes\u00bb single_title_family=\u00bbfont-955596&#8243; single_title_dimension=\u00bbfontsize-338686&#8243; single_text_lead=\u00bbyes\u00bb single_border=\u00bbyes\u00bb single_css_animation=\u00bbalpha-anim\u00bb uncode_shortcode_id=\u00bb157979&#8243;][\/vc_column][\/vc_row][vc_row unlock_row_content=\u00bbyes\u00bb row_height_percent=\u00bb0&#8243; override_padding=\u00bbyes\u00bb h_padding=\u00bb3&#8243; top_padding=\u00bb0&#8243; bottom_padding=\u00bb4&#8243; back_color=\u00bbcolor-nhtu\u00bb overlay_alpha=\u00bb0&#8243; gutter_size=\u00bb100&#8243; column_width_percent=\u00bb100&#8243; shift_y=\u00bb0&#8243; z_index=\u00bb0&#8243; style=\u00bbinherited\u00bb uncode_shortcode_id=\u00bb942174&#8243; back_color_type=\u00bbuncode-palette\u00bb][vc_column column_width_percent=\u00bb100&#8243; position_horizontal=\u00bbleft\u00bb gutter_size=\u00bb3&#8243; style=\u00bbdark\u00bb font_family=\u00bbfont-955596&#8243; overlay_alpha=\u00bb100&#8243; shift_x=\u00bb0&#8243; shift_y=\u00bb-3&#8243; shift_y_down=\u00bb0&#8243; z_index=\u00bb0&#8243; medium_width=\u00bb0&#8243; mobile_width=\u00bb0&#8243; css_animation=\u00bbalpha-anim\u00bb animation_delay=\u00bb200&#8243; zoom_width=\u00bb0&#8243; zoom_height=\u00bb0&#8243; width=\u00bb1\/1&#8243; uncode_shortcode_id=\u00bb902926&#8243;][uncode_index el_id=\u00bbindex-147013&#8243; loop=\u00bbsize:10|order_by:date|post_type:post|taxonomy_count:10&#8243; screen_lg=\u00bb1400&#8243; screen_md=\u00bb960&#8243; screen_sm=\u00bb480&#8243; filtering=\u00bbajax\u00bb ajax_filters_content_block_id=\u00bb116663&#8243; ajax_filters_layout=\u00bbhorizontal\u00bb filters_widgets=\u00bbclosed\u00bb filter_typography=\u00bbinherit\u00bb filtering_toggle_align=\u00bbright\u00bb active_filters=\u00bbleft\u00bb clear_all=\u00bbshow\u00bb gutter_size=\u00bb3&#8243; post_items=\u00bbmedia|featured|onpost|poster,category|transparentbg|topright|display-icon,date,title,text|excerpt|160,sep-one|extra,author|md_size|display_qualification\u00bb infinite=\u00bbyes\u00bb infinite_button=\u00bbicon\u00bb footer_style=\u00bbdark\u00bb single_width=\u00bb15&#8243; images_size=\u00bbfour-three\u00bb single_back_color=\u00bbcolor-xsdn\u00bb single_shape=\u00bbround\u00bb single_overlay_opacity=\u00bb50&#8243; single_overlay_anim=\u00bbno\u00bb single_text_visible=\u00bbyes\u00bb single_text_anim=\u00bbno\u00bb single_image_anim=\u00bbscroll\u00bb single_image_scroll_val=\u00bb3&#8243; single_padding=\u00bb2&#8243; single_title_family=\u00bbfont-955596&#8243; single_title_dimension=\u00bbh5&#8243; single_title_weight=\u00bb600&#8243; single_title_height=\u00bbfontheight-357766&#8243; single_meta_custom_typo=\u00bbyes\u00bb single_meta_size=\u00bbdefault\u00bb single_meta_weight=\u00bb500&#8243; single_border=\u00bbyes\u00bb single_css_animation=\u00bbbottom-t-top\u00bb single_animation_delay=\u00bb200&#8243; post_matrix=\u00bbmatrix\u00bb matrix_amount=\u00bb2&#8243; single_image_translate=\u00bbyes\u00bb shadow_hover=\u00bbyes\u00bb shadow_hover_weight=\u00bblg\u00bb shadow_darker_hover=\u00bbyes\u00bb matrix_items=\u00bbeyIwX2kiOnsiaW1hZ2VzX3NpemUiOiJvbmUtb25lIn19&#8243; offset=\u00bb1&#8243; uncode_shortcode_id=\u00bb147413&#8243;][\/vc_column][\/vc_row][vc_row unlock_row_content=\u00bbyes\u00bb row_height_percent=\u00bb0&#8243; override_padding=\u00bbyes\u00bb h_padding=\u00bb3&#8243; top_padding=\u00bb0&#8243; bottom_padding=\u00bb0&#8243; back_color=\u00bbcolor-nhtu\u00bb overlay_alpha=\u00bb50&#8243; gutter_size=\u00bb3&#8243; column_width_percent=\u00bb100&#8243; shift_y=\u00bb0&#8243; z_index=\u00bb0&#8243; uncode_shortcode_id=\u00bb114472&#8243; back_color_type=\u00bbuncode-palette\u00bb][vc_column column_width_percent=\u00bb100&#8243; gutter_size=\u00bb3&#8243; style=\u00bbdark\u00bb overlay_alpha=\u00bb50&#8243; shift_x=\u00bb0&#8243; shift_y=\u00bb0&#8243; shift_y_down=\u00bb0&#8243; z_index=\u00bb0&#8243; medium_width=\u00bb0&#8243; mobile_width=\u00bb0&#8243; width=\u00bb1\/1&#8243; uncode_shortcode_id=\u00bb192824&#8243;][vc_separator sep_color=\u00bb\u00bb uncode_shortcode_id=\u00bb566826&#8243;][\/vc_column][\/vc_row]<\/p>\n<\/div>","protected":false},"excerpt":{"rendered":"<p>[vc_row unlock_row_content=\u00bbyes\u00bb row_height_percent=\u00bb75&#8243; override_padding=\u00bbyes\u00bb h_padding=\u00bb0&#8243; top_padding=\u00bb0&#8243; bottom_padding=\u00bb0&#8243; back_color=\u00bbcolor-nhtu\u00bb overlay_alpha=\u00bb50&#8243; gutter_size=\u00bb3&#8243; column_width_percent=\u00bb100&#8243; shift_y=\u00bb0&#8243; z_index=\u00bb0&#8243; bottom_divider=\u00bbgradient\u00bb uncode_shortcode_id=\u00bb200625&#8243; back_color_type=\u00bbuncode-palette\u00bb][vc_column column_width_percent=\u00bb100&#8243; align_horizontal=\u00bbalign_center\u00bb gutter_size=\u00bb3&#8243; style=\u00bbdark\u00bb [&hellip;]<\/p>\n","protected":false},"author":1,"featured_media":0,"parent":0,"menu_order":0,"comment_status":"open","ping_status":"closed","template":"","meta":{"footnotes":""},"class_list":["post-161666","page","type-page","status-publish","hentry"],"yoast_head":"<!-- This site is optimized with the Yoast SEO Premium plugin v26.5 (Yoast SEO v27.4) - https:\/\/yoast.com\/product\/yoast-seo-premium-wordpress\/ -->\n<title>Blog - Vellum Finance &amp; Patrimoine<\/title>\n<meta name=\"description\" content=\"El blog Vellum Finance and Wealth comparte informaci\u00f3n clave sobre gesti\u00f3n patrimonial, activos privados e inversiones.\" \/>\n<meta name=\"robots\" content=\"index, follow, max-snippet:-1, max-image-preview:large, max-video-preview:-1\" \/>\n<link rel=\"canonical\" href=\"https:\/\/vellumfinance.com\/es\/blog\/\" \/>\n<meta property=\"og:locale\" content=\"es_ES\" \/>\n<meta property=\"og:type\" content=\"article\" \/>\n<meta property=\"og:title\" content=\"Blog\" \/>\n<meta property=\"og:description\" content=\"El blog Vellum Finance and Wealth comparte informaci\u00f3n clave sobre gesti\u00f3n patrimonial, activos privados e inversiones.\" \/>\n<meta property=\"og:url\" content=\"https:\/\/vellumfinance.com\/es\/blog\/\" \/>\n<meta property=\"og:site_name\" content=\"Vellum Finance &amp; Patrimoine\" \/>\n<meta property=\"article:publisher\" content=\"https:\/\/www.facebook.com\/vellumfinance\/\" \/>\n<meta property=\"article:modified_time\" content=\"2025-11-16T01:31:16+00:00\" \/>\n<meta property=\"og:image\" content=\"https:\/\/vellumfinance.com\/wp-content\/uploads\/2025\/11\/FB_Cover.jpg\" \/>\n\t<meta property=\"og:image:width\" content=\"1600\" \/>\n\t<meta property=\"og:image:height\" content=\"630\" \/>\n\t<meta property=\"og:image:type\" content=\"image\/jpeg\" \/>\n<meta name=\"twitter:card\" content=\"summary_large_image\" \/>\n<meta name=\"twitter:site\" content=\"@VellumFinance\" \/>\n<meta name=\"twitter:label1\" content=\"Tiempo de lectura\" \/>\n\t<meta name=\"twitter:data1\" content=\"1 minuto\" \/>\n<!-- \/ Yoast SEO Premium plugin. -->","yoast_head_json":{"title":"Blog - Vellum Finance & Patrimoine","description":"El blog Vellum Finance and Wealth comparte informaci\u00f3n clave sobre gesti\u00f3n patrimonial, activos privados e inversiones.","robots":{"index":"index","follow":"follow","max-snippet":"max-snippet:-1","max-image-preview":"max-image-preview:large","max-video-preview":"max-video-preview:-1"},"canonical":"https:\/\/vellumfinance.com\/es\/blog\/","og_locale":"es_ES","og_type":"article","og_title":"Blog","og_description":"El blog Vellum Finance and Wealth comparte informaci\u00f3n clave sobre gesti\u00f3n patrimonial, activos privados e inversiones.","og_url":"https:\/\/vellumfinance.com\/es\/blog\/","og_site_name":"Vellum Finance & Patrimoine","article_publisher":"https:\/\/www.facebook.com\/vellumfinance\/","article_modified_time":"2025-11-16T01:31:16+00:00","og_image":[{"width":1600,"height":630,"url":"https:\/\/vellumfinance.com\/wp-content\/uploads\/2025\/11\/FB_Cover.jpg","type":"image\/jpeg"}],"twitter_card":"summary_large_image","twitter_site":"@VellumFinance","twitter_misc":{"Tiempo de lectura":"1 minuto"},"schema":{"@context":"https:\/\/schema.org","@graph":[{"@type":"WebPage","@id":"https:\/\/vellumfinance.com\/es\/blog\/","url":"https:\/\/vellumfinance.com\/es\/blog\/","name":"Blog - Vellum Finance & Patrimoine","isPartOf":{"@id":"https:\/\/vellumfinance.com\/es\/#website"},"datePublished":"2015-01-11T11:19:22+00:00","dateModified":"2025-11-16T01:31:16+00:00","description":"El blog Vellum Finance and Wealth comparte informaci\u00f3n clave sobre gesti\u00f3n patrimonial, activos privados e inversiones.","breadcrumb":{"@id":"https:\/\/vellumfinance.com\/es\/blog\/#breadcrumb"},"inLanguage":"es","potentialAction":[{"@type":"ReadAction","target":["https:\/\/vellumfinance.com\/es\/blog\/"]}]},{"@type":"BreadcrumbList","@id":"https:\/\/vellumfinance.com\/es\/blog\/#breadcrumb","itemListElement":[{"@type":"ListItem","position":1,"name":"Home","item":"https:\/\/vellumfinance.com\/es\/"},{"@type":"ListItem","position":2,"name":"Blog"}]},{"@type":"WebSite","@id":"https:\/\/vellumfinance.com\/es\/#website","url":"https:\/\/vellumfinance.com\/es\/","name":"Vellum Finance & Patrimoine","description":"Discr\u00e9tion. Stabilit\u00e9. Prosp\u00e9rit\u00e9.","publisher":{"@id":"https:\/\/vellumfinance.com\/es\/#organization"},"potentialAction":[{"@type":"SearchAction","target":{"@type":"EntryPoint","urlTemplate":"https:\/\/vellumfinance.com\/es\/?s={search_term_string}"},"query-input":{"@type":"PropertyValueSpecification","valueRequired":true,"valueName":"search_term_string"}}],"inLanguage":"es"},{"@type":"Organization","@id":"https:\/\/vellumfinance.com\/es\/#organization","name":"Vellum Finance & Patrimoine","url":"https:\/\/vellumfinance.com\/es\/","logo":{"@type":"ImageObject","inLanguage":"es","@id":"https:\/\/vellumfinance.com\/es\/#\/schema\/logo\/image\/","url":"https:\/\/vellumfinance.com\/wp-content\/uploads\/2025\/11\/Vellum_LogoL_dark.png","contentUrl":"https:\/\/vellumfinance.com\/wp-content\/uploads\/2025\/11\/Vellum_LogoL_dark.png","width":664,"height":243,"caption":"Vellum Finance & Patrimoine"},"image":{"@id":"https:\/\/vellumfinance.com\/es\/#\/schema\/logo\/image\/"},"sameAs":["https:\/\/www.facebook.com\/vellumfinance\/","https:\/\/x.com\/VellumFinance","https:\/\/www.instagram.com\/vellumfinance\/","https:\/\/www.linkedin.com\/company\/vellum-finance-patrimoine\/","https:\/\/www.youtube.com\/@VellumFinance"],"description":"Bespoke wealth advisory for middle-class & affluent clients. We focus on secure, compliant strategies for legacy planning, global diversification & steady growth; preserving your family\u2019s future with confidence, stability & discretion.","email":"info@vellumfinance.com","telephone":"+33652480296","legalName":"Vellum Finance et Patrimoine","foundingDate":"2025-08-29","numberOfEmployees":{"@type":"QuantitativeValue","minValue":"1","maxValue":"10"}}]}},"_links":{"self":[{"href":"https:\/\/vellumfinance.com\/es\/wp-json\/wp\/v2\/pages\/161666","targetHints":{"allow":["GET"]}}],"collection":[{"href":"https:\/\/vellumfinance.com\/es\/wp-json\/wp\/v2\/pages"}],"about":[{"href":"https:\/\/vellumfinance.com\/es\/wp-json\/wp\/v2\/types\/page"}],"author":[{"embeddable":true,"href":"https:\/\/vellumfinance.com\/es\/wp-json\/wp\/v2\/users\/1"}],"replies":[{"embeddable":true,"href":"https:\/\/vellumfinance.com\/es\/wp-json\/wp\/v2\/comments?post=161666"}],"version-history":[{"count":0,"href":"https:\/\/vellumfinance.com\/es\/wp-json\/wp\/v2\/pages\/161666\/revisions"}],"wp:attachment":[{"href":"https:\/\/vellumfinance.com\/es\/wp-json\/wp\/v2\/media?parent=161666"}],"curies":[{"name":"wp","href":"https:\/\/api.w.org\/{rel}","templated":true}]}}