{"id":161679,"date":"2014-12-15T19:54:51","date_gmt":"2014-12-15T18:54:51","guid":{"rendered":"https:\/\/vellumfinance.com\/contact-us\/"},"modified":"2025-11-16T14:42:09","modified_gmt":"2025-11-16T13:42:09","slug":"contactenos","status":"publish","type":"page","link":"https:\/\/vellumfinance.com\/es\/contactenos\/","title":{"rendered":"Cont\u00e1ctenos"},"content":{"rendered":"<div class=\"wpb-content-wrapper\"><p>[vc_row unlock_row_content=\u00bbyes\u00bb row_height_percent=\u00bb100&#8243; override_padding=\u00bbyes\u00bb h_padding=\u00bb0&#8243; top_padding=\u00bb0&#8243; bottom_padding=\u00bb0&#8243; back_color=\u00bbcolor-nhtu\u00bb overlay_alpha=\u00bb50&#8243; equal_height=\u00bbyes\u00bb gutter_size=\u00bb3&#8243; shift_y=\u00bb0&#8243;][vc_column column_width_percent=\u00bb100&#8243; gutter_size=\u00bb3&#8243; expand_height=\u00bbyes\u00bb style=\u00bbdark\u00bb overlay_alpha=\u00bb50&#8243; shift_x=\u00bb0&#8243; shift_y=\u00bb0&#8243; z_index=\u00bb0&#8243; medium_width=\u00bb0&#8243; width=\u00bb1\/1&#8243;][vc_row_inner row_inner_height_percent=\u00bb0&#8243; overlay_alpha=\u00bb50&#8243; equal_height=\u00bbyes\u00bb gutter_size=\u00bb0&#8243; shift_y=\u00bb0&#8243; limit_content=\u00bb\u00bb][vc_column_inner column_width_use_pixel=\u00bbyes\u00bb gutter_size=\u00bb3&#8243; expand_height=\u00bbyes\u00bb back_image=\u00bb161407&#8243; overlay_alpha=\u00bb50&#8243; shift_x=\u00bb0&#8243; shift_y=\u00bb0&#8243; shift_y_down=\u00bb0&#8243; z_index=\u00bb0&#8243; medium_width=\u00bb0&#8243; mobile_width=\u00bb0&#8243; width=\u00bb1\/2&#8243; mobile_height=\u00bb300&#8243; uncode_shortcode_id=\u00bb102504&#8243;][\/vc_column_inner][vc_column_inner column_width_percent=\u00bb65&#8243; position_vertical=\u00bbmiddle\u00bb gutter_size=\u00bb3&#8243; override_padding=\u00bbyes\u00bb column_padding=\u00bb3&#8243; style=\u00bbdark\u00bb font_family=\u00bbfont-136269&#8243; overlay_alpha=\u00bb50&#8243; shift_x=\u00bb0&#8243; shift_y=\u00bb0&#8243; shift_y_down=\u00bb0&#8243; z_index=\u00bb0&#8243; medium_width=\u00bb0&#8243; mobile_width=\u00bb0&#8243; width=\u00bb1\/2&#8243; uncode_shortcode_id=\u00bb290321&#8243;][vc_custom_heading heading_semantic=\u00bbh1&#8243; text_font=\u00bbfont-136269&#8243; text_size=\u00bbfontsize-155944&#8243; text_align=\u00bbtext-left\u00bb uncode_shortcode_id=\u00bb201268&#8243;]Cont\u00e1ctenos[\/vc_custom_heading][vc_column_text text_lead=\u00bbyes\u00bb uncode_shortcode_id=\u00bb207371&#8243;]<iframe src=\"https:\/\/vellumfinance.com\/portal\/forms\/wtl\/0e73a0653f84b8b1bd61e851d290379a\" width=\"100%\" height=\"650\" frameborder=\"0\" sandbox=\"allow-top-navigation allow-forms allow-scripts allow-same-origin allow-popups\" allowfullscreen=\"allowfullscreen\"><\/iframe>[\/vc_column_text][\/vc_column_inner][\/vc_row_inner][\/vc_column][\/vc_row]<\/p>\n<\/div>","protected":false},"excerpt":{"rendered":"<p>[vc_row unlock_row_content=\u00bbyes\u00bb row_height_percent=\u00bb100&#8243; override_padding=\u00bbyes\u00bb h_padding=\u00bb0&#8243; top_padding=\u00bb0&#8243; bottom_padding=\u00bb0&#8243; back_color=\u00bbcolor-nhtu\u00bb overlay_alpha=\u00bb50&#8243; equal_height=\u00bbyes\u00bb gutter_size=\u00bb3&#8243; shift_y=\u00bb0&#8243;][vc_column column_width_percent=\u00bb100&#8243; gutter_size=\u00bb3&#8243; expand_height=\u00bbyes\u00bb style=\u00bbdark\u00bb overlay_alpha=\u00bb50&#8243; shift_x=\u00bb0&#8243; shift_y=\u00bb0&#8243; z_index=\u00bb0&#8243; [&hellip;]<\/p>\n","protected":false},"author":1,"featured_media":0,"parent":0,"menu_order":0,"comment_status":"open","ping_status":"closed","template":"","meta":{"footnotes":""},"class_list":["post-161679","page","type-page","status-publish","hentry"],"yoast_head":"<!-- This site is optimized with the Yoast SEO Premium plugin v26.5 (Yoast SEO v27.4) - https:\/\/yoast.com\/product\/yoast-seo-premium-wordpress\/ -->\n<title>Cont\u00e1ctenos - Vellum Finance &amp; Patrimoine<\/title>\n<meta name=\"description\" content=\"Contacte con Vellum Finance &amp; Patrimoine para obtener asistencia en la gesti\u00f3n de su patrimonio personalizada, conforme y confidencial.\" \/>\n<meta name=\"robots\" content=\"index, follow, max-snippet:-1, max-image-preview:large, max-video-preview:-1\" \/>\n<link rel=\"canonical\" href=\"https:\/\/vellumfinance.com\/es\/contactenos\/\" \/>\n<meta property=\"og:locale\" content=\"es_ES\" \/>\n<meta property=\"og:type\" content=\"article\" \/>\n<meta property=\"og:title\" content=\"Cont\u00e1ctenos\" \/>\n<meta property=\"og:description\" content=\"Contacte con Vellum Finance &amp; Patrimoine para obtener asistencia en la gesti\u00f3n de su patrimonio personalizada, conforme y confidencial.\" \/>\n<meta property=\"og:url\" content=\"https:\/\/vellumfinance.com\/es\/contactenos\/\" \/>\n<meta property=\"og:site_name\" content=\"Vellum Finance &amp; Patrimoine\" \/>\n<meta property=\"article:publisher\" content=\"https:\/\/www.facebook.com\/vellumfinance\/\" \/>\n<meta property=\"article:modified_time\" content=\"2025-11-16T13:42:09+00:00\" \/>\n<meta property=\"og:image\" content=\"https:\/\/vellumfinance.com\/wp-content\/uploads\/2025\/11\/FB_Cover.jpg\" \/>\n\t<meta property=\"og:image:width\" content=\"1600\" \/>\n\t<meta property=\"og:image:height\" content=\"630\" \/>\n\t<meta property=\"og:image:type\" content=\"image\/jpeg\" \/>\n<meta name=\"twitter:card\" content=\"summary_large_image\" \/>\n<meta name=\"twitter:site\" content=\"@VellumFinance\" \/>\n<meta name=\"twitter:label1\" content=\"Tiempo de lectura\" \/>\n\t<meta name=\"twitter:data1\" content=\"1 minuto\" \/>\n<!-- \/ Yoast SEO Premium plugin. -->","yoast_head_json":{"title":"Cont\u00e1ctenos - Vellum Finance & Patrimoine","description":"Contacte con Vellum Finance & Patrimoine para obtener asistencia en la gesti\u00f3n de su patrimonio personalizada, conforme y confidencial.","robots":{"index":"index","follow":"follow","max-snippet":"max-snippet:-1","max-image-preview":"max-image-preview:large","max-video-preview":"max-video-preview:-1"},"canonical":"https:\/\/vellumfinance.com\/es\/contactenos\/","og_locale":"es_ES","og_type":"article","og_title":"Cont\u00e1ctenos","og_description":"Contacte con Vellum Finance & Patrimoine para obtener asistencia en la gesti\u00f3n de su patrimonio personalizada, conforme y confidencial.","og_url":"https:\/\/vellumfinance.com\/es\/contactenos\/","og_site_name":"Vellum Finance & Patrimoine","article_publisher":"https:\/\/www.facebook.com\/vellumfinance\/","article_modified_time":"2025-11-16T13:42:09+00:00","og_image":[{"width":1600,"height":630,"url":"https:\/\/vellumfinance.com\/wp-content\/uploads\/2025\/11\/FB_Cover.jpg","type":"image\/jpeg"}],"twitter_card":"summary_large_image","twitter_site":"@VellumFinance","twitter_misc":{"Tiempo de lectura":"1 minuto"},"schema":{"@context":"https:\/\/schema.org","@graph":[{"@type":"WebPage","@id":"https:\/\/vellumfinance.com\/es\/contactenos\/","url":"https:\/\/vellumfinance.com\/es\/contactenos\/","name":"Cont\u00e1ctenos - Vellum Finance & Patrimoine","isPartOf":{"@id":"https:\/\/vellumfinance.com\/es\/#website"},"datePublished":"2014-12-15T18:54:51+00:00","dateModified":"2025-11-16T13:42:09+00:00","description":"Contacte con Vellum Finance & Patrimoine para obtener asistencia en la gesti\u00f3n de su patrimonio personalizada, conforme y confidencial.","breadcrumb":{"@id":"https:\/\/vellumfinance.com\/es\/contactenos\/#breadcrumb"},"inLanguage":"es","potentialAction":[{"@type":"ReadAction","target":["https:\/\/vellumfinance.com\/es\/contactenos\/"]}]},{"@type":"BreadcrumbList","@id":"https:\/\/vellumfinance.com\/es\/contactenos\/#breadcrumb","itemListElement":[{"@type":"ListItem","position":1,"name":"Home","item":"https:\/\/vellumfinance.com\/es\/"},{"@type":"ListItem","position":2,"name":"Cont\u00e1ctenos"}]},{"@type":"WebSite","@id":"https:\/\/vellumfinance.com\/es\/#website","url":"https:\/\/vellumfinance.com\/es\/","name":"Vellum Finance & Patrimoine","description":"Discr\u00e9tion. Stabilit\u00e9. Prosp\u00e9rit\u00e9.","publisher":{"@id":"https:\/\/vellumfinance.com\/es\/#organization"},"potentialAction":[{"@type":"SearchAction","target":{"@type":"EntryPoint","urlTemplate":"https:\/\/vellumfinance.com\/es\/?s={search_term_string}"},"query-input":{"@type":"PropertyValueSpecification","valueRequired":true,"valueName":"search_term_string"}}],"inLanguage":"es"},{"@type":"Organization","@id":"https:\/\/vellumfinance.com\/es\/#organization","name":"Vellum Finance & Patrimoine","url":"https:\/\/vellumfinance.com\/es\/","logo":{"@type":"ImageObject","inLanguage":"es","@id":"https:\/\/vellumfinance.com\/es\/#\/schema\/logo\/image\/","url":"https:\/\/vellumfinance.com\/wp-content\/uploads\/2025\/11\/Vellum_LogoL_dark.png","contentUrl":"https:\/\/vellumfinance.com\/wp-content\/uploads\/2025\/11\/Vellum_LogoL_dark.png","width":664,"height":243,"caption":"Vellum Finance & Patrimoine"},"image":{"@id":"https:\/\/vellumfinance.com\/es\/#\/schema\/logo\/image\/"},"sameAs":["https:\/\/www.facebook.com\/vellumfinance\/","https:\/\/x.com\/VellumFinance","https:\/\/www.instagram.com\/vellumfinance\/","https:\/\/www.linkedin.com\/company\/vellum-finance-patrimoine\/","https:\/\/www.youtube.com\/@VellumFinance"],"description":"Bespoke wealth advisory for middle-class & affluent clients. We focus on secure, compliant strategies for legacy planning, global diversification & steady growth; preserving your family\u2019s future with confidence, stability & discretion.","email":"info@vellumfinance.com","telephone":"+33652480296","legalName":"Vellum Finance et Patrimoine","foundingDate":"2025-08-29","numberOfEmployees":{"@type":"QuantitativeValue","minValue":"1","maxValue":"10"}}]}},"_links":{"self":[{"href":"https:\/\/vellumfinance.com\/es\/wp-json\/wp\/v2\/pages\/161679","targetHints":{"allow":["GET"]}}],"collection":[{"href":"https:\/\/vellumfinance.com\/es\/wp-json\/wp\/v2\/pages"}],"about":[{"href":"https:\/\/vellumfinance.com\/es\/wp-json\/wp\/v2\/types\/page"}],"author":[{"embeddable":true,"href":"https:\/\/vellumfinance.com\/es\/wp-json\/wp\/v2\/users\/1"}],"replies":[{"embeddable":true,"href":"https:\/\/vellumfinance.com\/es\/wp-json\/wp\/v2\/comments?post=161679"}],"version-history":[{"count":0,"href":"https:\/\/vellumfinance.com\/es\/wp-json\/wp\/v2\/pages\/161679\/revisions"}],"wp:attachment":[{"href":"https:\/\/vellumfinance.com\/es\/wp-json\/wp\/v2\/media?parent=161679"}],"curies":[{"name":"wp","href":"https:\/\/api.w.org\/{rel}","templated":true}]}}