{"id":161684,"date":"2025-11-15T12:23:24","date_gmt":"2025-11-15T11:23:24","guid":{"rendered":"https:\/\/vellumfinance.com\/?page_id=161684"},"modified":"2025-11-16T14:41:36","modified_gmt":"2025-11-16T13:41:36","slug":"agendar-una-cita","status":"publish","type":"page","link":"https:\/\/vellumfinance.com\/es\/agendar-una-cita\/","title":{"rendered":"Agendar una Cita"},"content":{"rendered":"<div class=\"wpb-content-wrapper\"><p>[vc_row][vc_column width=\u00bb1\/1&#8243;][vc_raw_html]JTNDaWZyYW1lJTIwd2lkdGglM0QxMDAlMjUlMjBoZWlnaHQlM0QlMjIyNTAwJTIyJTIwc3JjJTNEJTIyaHR0cHMlM0ElMkYlMkZ2ZWxsdW1maW5hbmNlLmNvbSUyRnBvcnRhbCUyRmFwcG9pbnRseSUyRmFwcG9pbnRtZW50c19wdWJsaWMlMkZib29rJTJGc3BhbmlzaCUyMiUyMGZyYW1lYm9yZGVyJTNEJTIyMCUyMiUyMGFsbG93ZnVsbHNjcmVlbiUzRSUzQyUyRmlmcmFtZSUzRQ==[\/vc_raw_html][\/vc_column][\/vc_row]<\/p>\n<\/div>","protected":false},"excerpt":{"rendered":"<p>[vc_row][vc_column width=\u00bb1\/1&#8243;][vc_raw_html]JTNDaWZyYW1lJTIwd2lkdGglM0QxMDAlMjUlMjBoZWlnaHQlM0QlMjIyNTAwJTIyJTIwc3JjJTNEJTIyaHR0cHMlM0ElMkYlMkZ2ZWxsdW1maW5hbmNlLmNvbSUyRnBvcnRhbCUyRmFwcG9pbnRseSUyRmFwcG9pbnRtZW50c19wdWJsaWMlMkZib29rJTJGc3BhbmlzaCUyMiUyMGZyYW1lYm9yZGVyJTNEJTIyMCUyMiUyMGFsbG93ZnVsbHNjcmVlbiUzRSUzQyUyRmlmcmFtZSUzRQ==[\/vc_raw_html][\/vc_column][\/vc_row]<\/p>\n","protected":false},"author":1,"featured_media":0,"parent":0,"menu_order":0,"comment_status":"closed","ping_status":"closed","template":"","meta":{"footnotes":""},"class_list":["post-161684","page","type-page","status-publish","hentry"],"yoast_head":"<!-- This site is optimized with the Yoast SEO Premium plugin v26.5 (Yoast SEO v27.4) - https:\/\/yoast.com\/product\/yoast-seo-premium-wordpress\/ -->\n<title>Agendar una Cita - Vellum Finance &amp; Patrimoine<\/title>\n<meta name=\"description\" content=\"Programe una cita en l\u00ednea con un asesor de Vellum Finance et Patrimoine para planificar su futuro y el de su familia.\" \/>\n<meta name=\"robots\" content=\"index, follow, max-snippet:-1, max-image-preview:large, max-video-preview:-1\" \/>\n<link rel=\"canonical\" href=\"https:\/\/vellumfinance.com\/es\/agendar-una-cita\/\" \/>\n<meta property=\"og:locale\" content=\"es_ES\" \/>\n<meta property=\"og:type\" content=\"article\" \/>\n<meta property=\"og:title\" content=\"Agendar una Cita\" \/>\n<meta property=\"og:description\" content=\"Programe una cita en l\u00ednea con un asesor de Vellum Finance et Patrimoine para planificar su futuro y el de su familia.\" \/>\n<meta property=\"og:url\" content=\"https:\/\/vellumfinance.com\/es\/agendar-una-cita\/\" \/>\n<meta property=\"og:site_name\" content=\"Vellum Finance &amp; Patrimoine\" \/>\n<meta property=\"article:publisher\" content=\"https:\/\/www.facebook.com\/vellumfinance\/\" \/>\n<meta property=\"article:modified_time\" content=\"2025-11-16T13:41:36+00:00\" \/>\n<meta property=\"og:image\" content=\"https:\/\/vellumfinance.com\/wp-content\/uploads\/2025\/11\/FB_Cover.jpg\" \/>\n\t<meta property=\"og:image:width\" content=\"1600\" \/>\n\t<meta property=\"og:image:height\" content=\"630\" \/>\n\t<meta property=\"og:image:type\" content=\"image\/jpeg\" \/>\n<meta name=\"twitter:card\" content=\"summary_large_image\" \/>\n<meta name=\"twitter:site\" content=\"@VellumFinance\" \/>\n<meta name=\"twitter:label1\" content=\"Tiempo de lectura\" \/>\n\t<meta name=\"twitter:data1\" content=\"1 minuto\" \/>\n<!-- \/ Yoast SEO Premium plugin. -->","yoast_head_json":{"title":"Agendar una Cita - Vellum Finance & Patrimoine","description":"Programe una cita en l\u00ednea con un asesor de Vellum Finance et Patrimoine para planificar su futuro y el de su familia.","robots":{"index":"index","follow":"follow","max-snippet":"max-snippet:-1","max-image-preview":"max-image-preview:large","max-video-preview":"max-video-preview:-1"},"canonical":"https:\/\/vellumfinance.com\/es\/agendar-una-cita\/","og_locale":"es_ES","og_type":"article","og_title":"Agendar una Cita","og_description":"Programe una cita en l\u00ednea con un asesor de Vellum Finance et Patrimoine para planificar su futuro y el de su familia.","og_url":"https:\/\/vellumfinance.com\/es\/agendar-una-cita\/","og_site_name":"Vellum Finance & Patrimoine","article_publisher":"https:\/\/www.facebook.com\/vellumfinance\/","article_modified_time":"2025-11-16T13:41:36+00:00","og_image":[{"width":1600,"height":630,"url":"https:\/\/vellumfinance.com\/wp-content\/uploads\/2025\/11\/FB_Cover.jpg","type":"image\/jpeg"}],"twitter_card":"summary_large_image","twitter_site":"@VellumFinance","twitter_misc":{"Tiempo de lectura":"1 minuto"},"schema":{"@context":"https:\/\/schema.org","@graph":[{"@type":"WebPage","@id":"https:\/\/vellumfinance.com\/es\/agendar-una-cita\/","url":"https:\/\/vellumfinance.com\/es\/agendar-una-cita\/","name":"Agendar una Cita - Vellum Finance & Patrimoine","isPartOf":{"@id":"https:\/\/vellumfinance.com\/es\/#website"},"datePublished":"2025-11-15T11:23:24+00:00","dateModified":"2025-11-16T13:41:36+00:00","description":"Programe una cita en l\u00ednea con un asesor de Vellum Finance et Patrimoine para planificar su futuro y el de su familia.","breadcrumb":{"@id":"https:\/\/vellumfinance.com\/es\/agendar-una-cita\/#breadcrumb"},"inLanguage":"es","potentialAction":[{"@type":"ReadAction","target":["https:\/\/vellumfinance.com\/es\/agendar-una-cita\/"]}]},{"@type":"BreadcrumbList","@id":"https:\/\/vellumfinance.com\/es\/agendar-una-cita\/#breadcrumb","itemListElement":[{"@type":"ListItem","position":1,"name":"Home","item":"https:\/\/vellumfinance.com\/es\/"},{"@type":"ListItem","position":2,"name":"Agendar una Cita"}]},{"@type":"WebSite","@id":"https:\/\/vellumfinance.com\/es\/#website","url":"https:\/\/vellumfinance.com\/es\/","name":"Vellum Finance & Patrimoine","description":"Discr\u00e9tion. Stabilit\u00e9. Prosp\u00e9rit\u00e9.","publisher":{"@id":"https:\/\/vellumfinance.com\/es\/#organization"},"potentialAction":[{"@type":"SearchAction","target":{"@type":"EntryPoint","urlTemplate":"https:\/\/vellumfinance.com\/es\/?s={search_term_string}"},"query-input":{"@type":"PropertyValueSpecification","valueRequired":true,"valueName":"search_term_string"}}],"inLanguage":"es"},{"@type":"Organization","@id":"https:\/\/vellumfinance.com\/es\/#organization","name":"Vellum Finance & Patrimoine","url":"https:\/\/vellumfinance.com\/es\/","logo":{"@type":"ImageObject","inLanguage":"es","@id":"https:\/\/vellumfinance.com\/es\/#\/schema\/logo\/image\/","url":"https:\/\/vellumfinance.com\/wp-content\/uploads\/2025\/11\/Vellum_LogoL_dark.png","contentUrl":"https:\/\/vellumfinance.com\/wp-content\/uploads\/2025\/11\/Vellum_LogoL_dark.png","width":664,"height":243,"caption":"Vellum Finance & Patrimoine"},"image":{"@id":"https:\/\/vellumfinance.com\/es\/#\/schema\/logo\/image\/"},"sameAs":["https:\/\/www.facebook.com\/vellumfinance\/","https:\/\/x.com\/VellumFinance","https:\/\/www.instagram.com\/vellumfinance\/","https:\/\/www.linkedin.com\/company\/vellum-finance-patrimoine\/","https:\/\/www.youtube.com\/@VellumFinance"],"description":"Bespoke wealth advisory for middle-class & affluent clients. We focus on secure, compliant strategies for legacy planning, global diversification & steady growth; preserving your family\u2019s future with confidence, stability & discretion.","email":"info@vellumfinance.com","telephone":"+33652480296","legalName":"Vellum Finance et Patrimoine","foundingDate":"2025-08-29","numberOfEmployees":{"@type":"QuantitativeValue","minValue":"1","maxValue":"10"}}]}},"_links":{"self":[{"href":"https:\/\/vellumfinance.com\/es\/wp-json\/wp\/v2\/pages\/161684","targetHints":{"allow":["GET"]}}],"collection":[{"href":"https:\/\/vellumfinance.com\/es\/wp-json\/wp\/v2\/pages"}],"about":[{"href":"https:\/\/vellumfinance.com\/es\/wp-json\/wp\/v2\/types\/page"}],"author":[{"embeddable":true,"href":"https:\/\/vellumfinance.com\/es\/wp-json\/wp\/v2\/users\/1"}],"replies":[{"embeddable":true,"href":"https:\/\/vellumfinance.com\/es\/wp-json\/wp\/v2\/comments?post=161684"}],"version-history":[{"count":0,"href":"https:\/\/vellumfinance.com\/es\/wp-json\/wp\/v2\/pages\/161684\/revisions"}],"wp:attachment":[{"href":"https:\/\/vellumfinance.com\/es\/wp-json\/wp\/v2\/media?parent=161684"}],"curies":[{"name":"wp","href":"https:\/\/api.w.org\/{rel}","templated":true}]}}