{"id":163115,"date":"2015-01-11T12:19:22","date_gmt":"2015-01-11T11:19:22","guid":{"rendered":"https:\/\/vellumfinance.com\/blog\/"},"modified":"2026-01-22T18:04:44","modified_gmt":"2026-01-22T17:04:44","slug":"blog","status":"publish","type":"page","link":"https:\/\/vellumfinance.com\/uk\/blog\/","title":{"rendered":"\u0411\u043b\u043e\u0433"},"content":{"rendered":"<div class=\"wpb-content-wrapper\"><p>[vc_row unlock_row_content=&#8221;yes&#8221; row_height_percent=&#8221;75&#8243; override_padding=&#8221;yes&#8221; h_padding=&#8221;0&#8243; top_padding=&#8221;0&#8243; bottom_padding=&#8221;0&#8243; back_color=&#8221;color-nhtu&#8221; overlay_alpha=&#8221;50&#8243; gutter_size=&#8221;3&#8243; column_width_percent=&#8221;100&#8243; shift_y=&#8221;0&#8243; z_index=&#8221;0&#8243; bottom_divider=&#8221;gradient&#8221; uncode_shortcode_id=&#8221;200625&#8243; back_color_type=&#8221;uncode-palette&#8221;][vc_column column_width_percent=&#8221;100&#8243; align_horizontal=&#8221;align_center&#8221; gutter_size=&#8221;3&#8243; style=&#8221;dark&#8221; font_family=&#8221;font-955596&#8243; overlay_alpha=&#8221;50&#8243; shift_x=&#8221;0&#8243; shift_y=&#8221;0&#8243; shift_y_down=&#8221;0&#8243; z_index=&#8221;0&#8243; medium_width=&#8221;0&#8243; mobile_width=&#8221;0&#8243; width=&#8221;1\/1&#8243; uncode_shortcode_id=&#8221;946792&#8243;][uncode_index el_id=&#8221;index-124363&#8243; loop=&#8221;size:1|order_by:date|post_type:post|taxonomy_count:10&#8243; style_preset=&#8221;metro&#8221; single_height_viewport=&#8221;yes&#8221; screen_lg=&#8221;100&#8243; screen_md=&#8221;100&#8243; screen_sm=&#8221;100&#8243; gutter_size=&#8221;0&#8243; post_items=&#8221;media|featured|onpost|original,spacer|one,title,text|excerpt|80,spacer_two|one,link|default|default_size|not_scale_mobile&#8221; single_text=&#8221;overlay&#8221; single_width=&#8221;12&#8243; single_fluid_height=&#8221;75&#8243; single_overlay_color=&#8221;color-nhtu&#8221; single_overlay_coloration=&#8221;bottom_gradient&#8221; single_overlay_opacity=&#8221;100&#8243; single_overlay_visible=&#8221;yes&#8221; single_overlay_anim=&#8221;no&#8221; single_text_visible=&#8221;yes&#8221; single_text_anim=&#8221;no&#8221; single_image_anim=&#8221;no&#8221; single_h_align=&#8221;center&#8221; single_reduced=&#8221;limit-width&#8221; single_padding=&#8221;2&#8243; single_elements_click=&#8221;yes&#8221; single_title_family=&#8221;font-955596&#8243; single_title_dimension=&#8221;fontsize-338686&#8243; single_text_lead=&#8221;yes&#8221; single_border=&#8221;yes&#8221; single_css_animation=&#8221;alpha-anim&#8221; uncode_shortcode_id=&#8221;189185&#8243;][\/vc_column][\/vc_row][vc_row unlock_row_content=&#8221;yes&#8221; row_height_percent=&#8221;0&#8243; override_padding=&#8221;yes&#8221; h_padding=&#8221;3&#8243; top_padding=&#8221;0&#8243; bottom_padding=&#8221;4&#8243; back_color=&#8221;color-nhtu&#8221; overlay_alpha=&#8221;0&#8243; gutter_size=&#8221;100&#8243; column_width_percent=&#8221;100&#8243; shift_y=&#8221;0&#8243; z_index=&#8221;0&#8243; style=&#8221;inherited&#8221; uncode_shortcode_id=&#8221;942174&#8243; back_color_type=&#8221;uncode-palette&#8221;][vc_column column_width_percent=&#8221;100&#8243; position_horizontal=&#8221;left&#8221; gutter_size=&#8221;3&#8243; style=&#8221;dark&#8221; font_family=&#8221;font-955596&#8243; overlay_alpha=&#8221;100&#8243; shift_x=&#8221;0&#8243; shift_y=&#8221;-3&#8243; shift_y_down=&#8221;0&#8243; z_index=&#8221;0&#8243; medium_width=&#8221;0&#8243; mobile_width=&#8221;0&#8243; css_animation=&#8221;alpha-anim&#8221; animation_delay=&#8221;200&#8243; zoom_width=&#8221;0&#8243; zoom_height=&#8221;0&#8243; width=&#8221;1\/1&#8243; uncode_shortcode_id=&#8221;902926&#8243;][uncode_index el_id=&#8221;index-147013&#8243; loop=&#8221;size:10|order_by:date|post_type:post|taxonomy_count:10&#8243; screen_lg=&#8221;1400&#8243; screen_md=&#8221;960&#8243; screen_sm=&#8221;480&#8243; filtering=&#8221;ajax&#8221; ajax_filters_content_block_id=&#8221;116663&#8243; ajax_filters_layout=&#8221;horizontal&#8221; filters_widgets=&#8221;closed&#8221; filter_typography=&#8221;inherit&#8221; filtering_toggle_align=&#8221;right&#8221; active_filters=&#8221;left&#8221; clear_all=&#8221;show&#8221; gutter_size=&#8221;3&#8243; post_items=&#8221;media|featured|onpost|poster,category|transparentbg|topright|display-icon,date,title,text|excerpt|160,sep-one|extra,author|md_size|display_qualification&#8221; infinite=&#8221;yes&#8221; infinite_button=&#8221;icon&#8221; footer_style=&#8221;dark&#8221; single_width=&#8221;15&#8243; images_size=&#8221;four-three&#8221; single_back_color=&#8221;color-xsdn&#8221; single_shape=&#8221;round&#8221; single_overlay_opacity=&#8221;50&#8243; single_overlay_anim=&#8221;no&#8221; single_text_visible=&#8221;yes&#8221; single_text_anim=&#8221;no&#8221; single_image_anim=&#8221;scroll&#8221; single_image_scroll_val=&#8221;3&#8243; single_padding=&#8221;2&#8243; single_title_family=&#8221;font-955596&#8243; single_title_dimension=&#8221;h5&#8243; single_title_weight=&#8221;600&#8243; single_title_height=&#8221;fontheight-357766&#8243; single_meta_custom_typo=&#8221;yes&#8221; single_meta_size=&#8221;default&#8221; single_meta_weight=&#8221;500&#8243; single_border=&#8221;yes&#8221; single_css_animation=&#8221;bottom-t-top&#8221; single_animation_delay=&#8221;200&#8243; post_matrix=&#8221;matrix&#8221; matrix_amount=&#8221;2&#8243; single_image_translate=&#8221;yes&#8221; shadow_hover=&#8221;yes&#8221; shadow_hover_weight=&#8221;lg&#8221; shadow_darker_hover=&#8221;yes&#8221; matrix_items=&#8221;eyIwX2kiOnsiaW1hZ2VzX3NpemUiOiJvbmUtb25lIn19&#8243; offset=&#8221;1&#8243; uncode_shortcode_id=&#8221;147413&#8243;][\/vc_column][\/vc_row][vc_row unlock_row_content=&#8221;yes&#8221; row_height_percent=&#8221;0&#8243; override_padding=&#8221;yes&#8221; h_padding=&#8221;3&#8243; top_padding=&#8221;0&#8243; bottom_padding=&#8221;0&#8243; back_color=&#8221;color-nhtu&#8221; overlay_alpha=&#8221;50&#8243; gutter_size=&#8221;3&#8243; column_width_percent=&#8221;100&#8243; shift_y=&#8221;0&#8243; z_index=&#8221;0&#8243; uncode_shortcode_id=&#8221;114472&#8243; back_color_type=&#8221;uncode-palette&#8221;][vc_column column_width_percent=&#8221;100&#8243; gutter_size=&#8221;3&#8243; style=&#8221;dark&#8221; overlay_alpha=&#8221;50&#8243; shift_x=&#8221;0&#8243; shift_y=&#8221;0&#8243; shift_y_down=&#8221;0&#8243; z_index=&#8221;0&#8243; medium_width=&#8221;0&#8243; mobile_width=&#8221;0&#8243; width=&#8221;1\/1&#8243; uncode_shortcode_id=&#8221;192824&#8243;][vc_separator sep_color=&#8221;&#8221; uncode_shortcode_id=&#8221;566826&#8243;][\/vc_column][\/vc_row]<\/p>\n<\/div>","protected":false},"excerpt":{"rendered":"<p>[vc_row unlock_row_content=&#8221;yes&#8221; row_height_percent=&#8221;75&#8243; override_padding=&#8221;yes&#8221; h_padding=&#8221;0&#8243; top_padding=&#8221;0&#8243; bottom_padding=&#8221;0&#8243; back_color=&#8221;color-nhtu&#8221; overlay_alpha=&#8221;50&#8243; gutter_size=&#8221;3&#8243; column_width_percent=&#8221;100&#8243; shift_y=&#8221;0&#8243; z_index=&#8221;0&#8243; bottom_divider=&#8221;gradient&#8221; uncode_shortcode_id=&#8221;200625&#8243; back_color_type=&#8221;uncode-palette&#8221;][vc_column column_width_percent=&#8221;100&#8243; align_horizontal=&#8221;align_center&#8221; gutter_size=&#8221;3&#8243; style=&#8221;dark&#8221; [&hellip;]<\/p>\n","protected":false},"author":1,"featured_media":0,"parent":0,"menu_order":0,"comment_status":"open","ping_status":"closed","template":"","meta":{"footnotes":""},"class_list":["post-163115","page","type-page","status-publish","hentry"],"yoast_head":"<!-- This site is optimized with the Yoast SEO Premium plugin v26.5 (Yoast SEO v27.4) - https:\/\/yoast.com\/product\/yoast-seo-premium-wordpress\/ -->\n<title>\u0411\u043b\u043e\u0433 - Vellum Finance &amp; Patrimoine<\/title>\n<meta name=\"description\" content=\"Le blog de Vellum Finance et Patrimoine vous partage des informations cl\u00e9s sur la gestion de patrimoine, d&#039;actifs priv\u00e9s et investissements.\" \/>\n<meta name=\"robots\" content=\"index, follow, max-snippet:-1, max-image-preview:large, max-video-preview:-1\" \/>\n<link rel=\"canonical\" href=\"https:\/\/vellumfinance.com\/uk\/blog\/\" \/>\n<meta property=\"og:locale\" content=\"uk_UA\" \/>\n<meta property=\"og:type\" content=\"article\" \/>\n<meta property=\"og:title\" content=\"\u0411\u043b\u043e\u0433\" \/>\n<meta property=\"og:description\" content=\"Le blog de Vellum Finance et Patrimoine vous partage des informations cl\u00e9s sur la gestion de patrimoine, d&#039;actifs priv\u00e9s et investissements.\" \/>\n<meta property=\"og:url\" content=\"https:\/\/vellumfinance.com\/uk\/blog\/\" \/>\n<meta property=\"og:site_name\" content=\"Vellum Finance &amp; Patrimoine\" \/>\n<meta property=\"article:publisher\" content=\"https:\/\/www.facebook.com\/vellumfinance\/\" \/>\n<meta property=\"article:modified_time\" content=\"2026-01-22T17:04:44+00:00\" \/>\n<meta property=\"og:image\" content=\"https:\/\/vellumfinance.com\/wp-content\/uploads\/2025\/11\/FB_Cover.jpg\" \/>\n\t<meta property=\"og:image:width\" content=\"1600\" \/>\n\t<meta property=\"og:image:height\" content=\"630\" \/>\n\t<meta property=\"og:image:type\" content=\"image\/jpeg\" \/>\n<meta name=\"twitter:card\" content=\"summary_large_image\" \/>\n<meta name=\"twitter:site\" content=\"@VellumFinance\" \/>\n<meta name=\"twitter:label1\" content=\"\u041f\u0440\u0438\u0431\u043b. \u0447\u0430\u0441 \u0447\u0438\u0442\u0430\u043d\u043d\u044f\" \/>\n\t<meta name=\"twitter:data1\" content=\"1 \u0445\u0432\u0438\u043b\u0438\u043d\u0430\" \/>\n<!-- \/ Yoast SEO Premium plugin. -->","yoast_head_json":{"title":"\u0411\u043b\u043e\u0433 - Vellum Finance & Patrimoine","description":"Le blog de Vellum Finance et Patrimoine vous partage des informations cl\u00e9s sur la gestion de patrimoine, d'actifs priv\u00e9s et investissements.","robots":{"index":"index","follow":"follow","max-snippet":"max-snippet:-1","max-image-preview":"max-image-preview:large","max-video-preview":"max-video-preview:-1"},"canonical":"https:\/\/vellumfinance.com\/uk\/blog\/","og_locale":"uk_UA","og_type":"article","og_title":"\u0411\u043b\u043e\u0433","og_description":"Le blog de Vellum Finance et Patrimoine vous partage des informations cl\u00e9s sur la gestion de patrimoine, d'actifs priv\u00e9s et investissements.","og_url":"https:\/\/vellumfinance.com\/uk\/blog\/","og_site_name":"Vellum Finance & Patrimoine","article_publisher":"https:\/\/www.facebook.com\/vellumfinance\/","article_modified_time":"2026-01-22T17:04:44+00:00","og_image":[{"width":1600,"height":630,"url":"https:\/\/vellumfinance.com\/wp-content\/uploads\/2025\/11\/FB_Cover.jpg","type":"image\/jpeg"}],"twitter_card":"summary_large_image","twitter_site":"@VellumFinance","twitter_misc":{"\u041f\u0440\u0438\u0431\u043b. \u0447\u0430\u0441 \u0447\u0438\u0442\u0430\u043d\u043d\u044f":"1 \u0445\u0432\u0438\u043b\u0438\u043d\u0430"},"schema":{"@context":"https:\/\/schema.org","@graph":[{"@type":"WebPage","@id":"https:\/\/vellumfinance.com\/uk\/blog\/","url":"https:\/\/vellumfinance.com\/uk\/blog\/","name":"\u0411\u043b\u043e\u0433 - Vellum Finance & Patrimoine","isPartOf":{"@id":"https:\/\/vellumfinance.com\/uk\/#website"},"datePublished":"2015-01-11T11:19:22+00:00","dateModified":"2026-01-22T17:04:44+00:00","description":"Le blog de Vellum Finance et Patrimoine vous partage des informations cl\u00e9s sur la gestion de patrimoine, d'actifs priv\u00e9s et investissements.","breadcrumb":{"@id":"https:\/\/vellumfinance.com\/uk\/blog\/#breadcrumb"},"inLanguage":"uk","potentialAction":[{"@type":"ReadAction","target":["https:\/\/vellumfinance.com\/uk\/blog\/"]}]},{"@type":"BreadcrumbList","@id":"https:\/\/vellumfinance.com\/uk\/blog\/#breadcrumb","itemListElement":[{"@type":"ListItem","position":1,"name":"Home","item":"https:\/\/vellumfinance.com\/uk\/"},{"@type":"ListItem","position":2,"name":"\u0411\u043b\u043e\u0433"}]},{"@type":"WebSite","@id":"https:\/\/vellumfinance.com\/uk\/#website","url":"https:\/\/vellumfinance.com\/uk\/","name":"Vellum Finance & Patrimoine","description":"Discr\u00e9tion. Stabilit\u00e9. Prosp\u00e9rit\u00e9.","publisher":{"@id":"https:\/\/vellumfinance.com\/uk\/#organization"},"potentialAction":[{"@type":"SearchAction","target":{"@type":"EntryPoint","urlTemplate":"https:\/\/vellumfinance.com\/uk\/?s={search_term_string}"},"query-input":{"@type":"PropertyValueSpecification","valueRequired":true,"valueName":"search_term_string"}}],"inLanguage":"uk"},{"@type":"Organization","@id":"https:\/\/vellumfinance.com\/uk\/#organization","name":"Vellum Finance & Patrimoine","url":"https:\/\/vellumfinance.com\/uk\/","logo":{"@type":"ImageObject","inLanguage":"uk","@id":"https:\/\/vellumfinance.com\/uk\/#\/schema\/logo\/image\/","url":"https:\/\/vellumfinance.com\/wp-content\/uploads\/2025\/11\/Vellum_LogoL_dark.png","contentUrl":"https:\/\/vellumfinance.com\/wp-content\/uploads\/2025\/11\/Vellum_LogoL_dark.png","width":664,"height":243,"caption":"Vellum Finance & Patrimoine"},"image":{"@id":"https:\/\/vellumfinance.com\/uk\/#\/schema\/logo\/image\/"},"sameAs":["https:\/\/www.facebook.com\/vellumfinance\/","https:\/\/x.com\/VellumFinance","https:\/\/www.instagram.com\/vellumfinance\/","https:\/\/www.linkedin.com\/company\/vellum-finance-patrimoine\/","https:\/\/www.youtube.com\/@VellumFinance"],"description":"Bespoke wealth advisory for middle-class & affluent clients. We focus on secure, compliant strategies for legacy planning, global diversification & steady growth; preserving your family\u2019s future with confidence, stability & discretion.","email":"info@vellumfinance.com","telephone":"+33652480296","legalName":"Vellum Finance et Patrimoine","foundingDate":"2025-08-29","numberOfEmployees":{"@type":"QuantitativeValue","minValue":"1","maxValue":"10"}}]}},"_links":{"self":[{"href":"https:\/\/vellumfinance.com\/uk\/wp-json\/wp\/v2\/pages\/163115","targetHints":{"allow":["GET"]}}],"collection":[{"href":"https:\/\/vellumfinance.com\/uk\/wp-json\/wp\/v2\/pages"}],"about":[{"href":"https:\/\/vellumfinance.com\/uk\/wp-json\/wp\/v2\/types\/page"}],"author":[{"embeddable":true,"href":"https:\/\/vellumfinance.com\/uk\/wp-json\/wp\/v2\/users\/1"}],"replies":[{"embeddable":true,"href":"https:\/\/vellumfinance.com\/uk\/wp-json\/wp\/v2\/comments?post=163115"}],"version-history":[{"count":2,"href":"https:\/\/vellumfinance.com\/uk\/wp-json\/wp\/v2\/pages\/163115\/revisions"}],"predecessor-version":[{"id":166860,"href":"https:\/\/vellumfinance.com\/uk\/wp-json\/wp\/v2\/pages\/163115\/revisions\/166860"}],"wp:attachment":[{"href":"https:\/\/vellumfinance.com\/uk\/wp-json\/wp\/v2\/media?parent=163115"}],"curies":[{"name":"wp","href":"https:\/\/api.w.org\/{rel}","templated":true}]}}