{"id":165881,"date":"2014-12-15T19:54:51","date_gmt":"2014-12-15T18:54:51","guid":{"rendered":"https:\/\/vellumfinance.com\/contactez-nous\/"},"modified":"2026-01-12T21:07:39","modified_gmt":"2026-01-12T20:07:39","slug":"contact-us","status":"publish","type":"page","link":"https:\/\/vellumfinance.com\/uk\/contact-us\/","title":{"rendered":"\u0417\u0432&#8217;\u044f\u0436\u0456\u0442\u044c\u0441\u044f \u0437 \u043d\u0430\u043c\u0438"},"content":{"rendered":"<div class=\"wpb-content-wrapper\"><p>[vc_row unlock_row_content=&#8221;yes&#8221; row_height_percent=&#8221;100&#8243; override_padding=&#8221;yes&#8221; h_padding=&#8221;0&#8243; top_padding=&#8221;0&#8243; bottom_padding=&#8221;0&#8243; back_color=&#8221;color-nhtu&#8221; overlay_alpha=&#8221;50&#8243; equal_height=&#8221;yes&#8221; gutter_size=&#8221;3&#8243; shift_y=&#8221;0&#8243;][vc_column column_width_percent=&#8221;100&#8243; gutter_size=&#8221;3&#8243; expand_height=&#8221;yes&#8221; style=&#8221;dark&#8221; overlay_alpha=&#8221;50&#8243; shift_x=&#8221;0&#8243; shift_y=&#8221;0&#8243; z_index=&#8221;0&#8243; medium_width=&#8221;0&#8243; width=&#8221;1\/1&#8243;][vc_row_inner row_inner_height_percent=&#8221;0&#8243; overlay_alpha=&#8221;50&#8243; equal_height=&#8221;yes&#8221; gutter_size=&#8221;0&#8243; shift_y=&#8221;0&#8243; limit_content=&#8221;&#8221;][vc_column_inner column_width_use_pixel=&#8221;yes&#8221; gutter_size=&#8221;3&#8243; expand_height=&#8221;yes&#8221; back_image=&#8221;161408&#8243; overlay_alpha=&#8221;50&#8243; shift_x=&#8221;0&#8243; shift_y=&#8221;0&#8243; shift_y_down=&#8221;0&#8243; z_index=&#8221;0&#8243; medium_width=&#8221;0&#8243; mobile_width=&#8221;0&#8243; width=&#8221;1\/2&#8243; mobile_height=&#8221;300&#8243; uncode_shortcode_id=&#8221;102504&#8243;][\/vc_column_inner][vc_column_inner column_width_percent=&#8221;65&#8243; position_vertical=&#8221;middle&#8221; gutter_size=&#8221;3&#8243; override_padding=&#8221;yes&#8221; column_padding=&#8221;3&#8243; style=&#8221;dark&#8221; font_family=&#8221;font-136269&#8243; overlay_alpha=&#8221;50&#8243; shift_x=&#8221;0&#8243; shift_y=&#8221;0&#8243; shift_y_down=&#8221;0&#8243; z_index=&#8221;0&#8243; medium_width=&#8221;0&#8243; mobile_width=&#8221;0&#8243; width=&#8221;1\/2&#8243; uncode_shortcode_id=&#8221;290321&#8243;][vc_custom_heading heading_semantic=&#8221;h1&#8243; text_font=&#8221;font-136269&#8243; text_size=&#8221;fontsize-155944&#8243; text_align=&#8221;text-left&#8221; uncode_shortcode_id=&#8221;864688&#8243;]\u0417\u0432&#8217;\u044f\u0436\u0456\u0442\u044c\u0441\u044f \u0437 \u043d\u0430\u043c\u0438[\/vc_custom_heading][vc_column_text text_lead=&#8221;yes&#8221; uncode_shortcode_id=&#8221;107453&#8243;]<iframe src=\"https:\/\/vellumfinance.com\/portal\/forms\/wtl\/27a7002ac441724449a54d5b3ce37332\" width=\"100%\" height=\"650\" frameborder=\"0\" sandbox=\"allow-top-navigation allow-forms allow-scripts allow-same-origin allow-popups\" allowfullscreen=\"allowfullscreen\"><\/iframe>[\/vc_column_text][\/vc_column_inner][\/vc_row_inner][\/vc_column][\/vc_row]<\/p>\n<\/div>","protected":false},"excerpt":{"rendered":"<p>[vc_row unlock_row_content=&#8221;yes&#8221; row_height_percent=&#8221;100&#8243; override_padding=&#8221;yes&#8221; h_padding=&#8221;0&#8243; top_padding=&#8221;0&#8243; bottom_padding=&#8221;0&#8243; back_color=&#8221;color-nhtu&#8221; overlay_alpha=&#8221;50&#8243; equal_height=&#8221;yes&#8221; gutter_size=&#8221;3&#8243; shift_y=&#8221;0&#8243;][vc_column column_width_percent=&#8221;100&#8243; gutter_size=&#8221;3&#8243; expand_height=&#8221;yes&#8221; style=&#8221;dark&#8221; overlay_alpha=&#8221;50&#8243; shift_x=&#8221;0&#8243; shift_y=&#8221;0&#8243; z_index=&#8221;0&#8243; [&hellip;]<\/p>\n","protected":false},"author":1,"featured_media":0,"parent":0,"menu_order":0,"comment_status":"open","ping_status":"closed","template":"","meta":{"footnotes":""},"class_list":["post-165881","page","type-page","status-publish","hentry"],"yoast_head":"<!-- This site is optimized with the Yoast SEO Premium plugin v26.5 (Yoast SEO v27.4) - https:\/\/yoast.com\/product\/yoast-seo-premium-wordpress\/ -->\n<title>\u0417\u0432&#039;\u044f\u0436\u0456\u0442\u044c\u0441\u044f \u0437 \u043d\u0430\u043c\u0438 - Vellum Finance &amp; Patrimoine<\/title>\n<meta name=\"description\" content=\"\u0417\u0432\u0435\u0440\u043d\u0456\u0442\u044c\u0441\u044f \u0434\u043e \u043a\u043e\u043c\u0430\u043d\u0434\u0438 \u043a\u043e\u043d\u0441\u0443\u043b\u044c\u0442\u0430\u043d\u0442\u0456\u0432 \u0437 \u0443\u043f\u0440\u0430\u0432\u043b\u0456\u043d\u043d\u044f \u0430\u043a\u0442\u0438\u0432\u0430\u043c\u0438, \u043a\u043e\u043d\u0441\u0443\u043b\u044c\u0442\u0430\u043d\u0442\u0456\u0432 \u0437 \u043e\u043f\u0442\u0438\u043c\u0456\u0437\u0430\u0446\u0456\u0457 \u043e\u043f\u043e\u0434\u0430\u0442\u043a\u0443\u0432\u0430\u043d\u043d\u044f \u0430\u0431\u043e \u0434\u043e \u043d\u0430\u0448\u043e\u0457 \u043a\u043e\u043c\u0430\u043d\u0434\u0438 \u0437 \u043f\u0440\u043e\u0434\u0430\u0436\u0443 \u0443 Vellum Finance &amp; Patrimoine, \u0449\u043e\u0431 \u0440\u043e\u0437\u043f\u043e\u0447\u0430\u0442\u0438 \u0441\u0432\u0456\u0439 \u043f\u0440\u043e\u0435\u043a\u0442.\" \/>\n<meta name=\"robots\" content=\"index, follow, max-snippet:-1, max-image-preview:large, max-video-preview:-1\" \/>\n<link rel=\"canonical\" href=\"https:\/\/vellumfinance.com\/uk\/contact-us\/\" \/>\n<meta property=\"og:locale\" content=\"uk_UA\" \/>\n<meta property=\"og:type\" content=\"article\" \/>\n<meta property=\"og:title\" content=\"\u0417\u0432&#039;\u044f\u0436\u0456\u0442\u044c\u0441\u044f \u0437 \u043d\u0430\u043c\u0438\" \/>\n<meta property=\"og:description\" content=\"\u0417\u0432\u0435\u0440\u043d\u0456\u0442\u044c\u0441\u044f \u0434\u043e \u043a\u043e\u043c\u0430\u043d\u0434\u0438 \u043a\u043e\u043d\u0441\u0443\u043b\u044c\u0442\u0430\u043d\u0442\u0456\u0432 \u0437 \u0443\u043f\u0440\u0430\u0432\u043b\u0456\u043d\u043d\u044f \u0430\u043a\u0442\u0438\u0432\u0430\u043c\u0438, \u043a\u043e\u043d\u0441\u0443\u043b\u044c\u0442\u0430\u043d\u0442\u0456\u0432 \u0437 \u043e\u043f\u0442\u0438\u043c\u0456\u0437\u0430\u0446\u0456\u0457 \u043e\u043f\u043e\u0434\u0430\u0442\u043a\u0443\u0432\u0430\u043d\u043d\u044f \u0430\u0431\u043e \u0434\u043e \u043d\u0430\u0448\u043e\u0457 \u043a\u043e\u043c\u0430\u043d\u0434\u0438 \u0437 \u043f\u0440\u043e\u0434\u0430\u0436\u0443 \u0443 Vellum Finance &amp; Patrimoine, \u0449\u043e\u0431 \u0440\u043e\u0437\u043f\u043e\u0447\u0430\u0442\u0438 \u0441\u0432\u0456\u0439 \u043f\u0440\u043e\u0435\u043a\u0442.\" \/>\n<meta property=\"og:url\" content=\"https:\/\/vellumfinance.com\/uk\/contact-us\/\" \/>\n<meta property=\"og:site_name\" content=\"Vellum Finance &amp; Patrimoine\" \/>\n<meta property=\"article:publisher\" content=\"https:\/\/www.facebook.com\/vellumfinance\/\" \/>\n<meta property=\"article:modified_time\" content=\"2026-01-12T20:07:39+00:00\" \/>\n<meta property=\"og:image\" content=\"https:\/\/vellumfinance.com\/wp-content\/uploads\/2025\/11\/FB_Cover.jpg\" \/>\n\t<meta property=\"og:image:width\" content=\"1600\" \/>\n\t<meta property=\"og:image:height\" content=\"630\" \/>\n\t<meta property=\"og:image:type\" content=\"image\/jpeg\" \/>\n<meta name=\"twitter:card\" content=\"summary_large_image\" \/>\n<meta name=\"twitter:site\" content=\"@VellumFinance\" \/>\n<meta name=\"twitter:label1\" content=\"\u041f\u0440\u0438\u0431\u043b. \u0447\u0430\u0441 \u0447\u0438\u0442\u0430\u043d\u043d\u044f\" \/>\n\t<meta name=\"twitter:data1\" content=\"1 \u0445\u0432\u0438\u043b\u0438\u043d\u0430\" \/>\n<!-- \/ Yoast SEO Premium plugin. -->","yoast_head_json":{"title":"\u0417\u0432'\u044f\u0436\u0456\u0442\u044c\u0441\u044f \u0437 \u043d\u0430\u043c\u0438 - Vellum Finance & Patrimoine","description":"\u0417\u0432\u0435\u0440\u043d\u0456\u0442\u044c\u0441\u044f \u0434\u043e \u043a\u043e\u043c\u0430\u043d\u0434\u0438 \u043a\u043e\u043d\u0441\u0443\u043b\u044c\u0442\u0430\u043d\u0442\u0456\u0432 \u0437 \u0443\u043f\u0440\u0430\u0432\u043b\u0456\u043d\u043d\u044f \u0430\u043a\u0442\u0438\u0432\u0430\u043c\u0438, \u043a\u043e\u043d\u0441\u0443\u043b\u044c\u0442\u0430\u043d\u0442\u0456\u0432 \u0437 \u043e\u043f\u0442\u0438\u043c\u0456\u0437\u0430\u0446\u0456\u0457 \u043e\u043f\u043e\u0434\u0430\u0442\u043a\u0443\u0432\u0430\u043d\u043d\u044f \u0430\u0431\u043e \u0434\u043e \u043d\u0430\u0448\u043e\u0457 \u043a\u043e\u043c\u0430\u043d\u0434\u0438 \u0437 \u043f\u0440\u043e\u0434\u0430\u0436\u0443 \u0443 Vellum Finance & Patrimoine, \u0449\u043e\u0431 \u0440\u043e\u0437\u043f\u043e\u0447\u0430\u0442\u0438 \u0441\u0432\u0456\u0439 \u043f\u0440\u043e\u0435\u043a\u0442.","robots":{"index":"index","follow":"follow","max-snippet":"max-snippet:-1","max-image-preview":"max-image-preview:large","max-video-preview":"max-video-preview:-1"},"canonical":"https:\/\/vellumfinance.com\/uk\/contact-us\/","og_locale":"uk_UA","og_type":"article","og_title":"\u0417\u0432'\u044f\u0436\u0456\u0442\u044c\u0441\u044f \u0437 \u043d\u0430\u043c\u0438","og_description":"\u0417\u0432\u0435\u0440\u043d\u0456\u0442\u044c\u0441\u044f \u0434\u043e \u043a\u043e\u043c\u0430\u043d\u0434\u0438 \u043a\u043e\u043d\u0441\u0443\u043b\u044c\u0442\u0430\u043d\u0442\u0456\u0432 \u0437 \u0443\u043f\u0440\u0430\u0432\u043b\u0456\u043d\u043d\u044f \u0430\u043a\u0442\u0438\u0432\u0430\u043c\u0438, \u043a\u043e\u043d\u0441\u0443\u043b\u044c\u0442\u0430\u043d\u0442\u0456\u0432 \u0437 \u043e\u043f\u0442\u0438\u043c\u0456\u0437\u0430\u0446\u0456\u0457 \u043e\u043f\u043e\u0434\u0430\u0442\u043a\u0443\u0432\u0430\u043d\u043d\u044f \u0430\u0431\u043e \u0434\u043e \u043d\u0430\u0448\u043e\u0457 \u043a\u043e\u043c\u0430\u043d\u0434\u0438 \u0437 \u043f\u0440\u043e\u0434\u0430\u0436\u0443 \u0443 Vellum Finance & Patrimoine, \u0449\u043e\u0431 \u0440\u043e\u0437\u043f\u043e\u0447\u0430\u0442\u0438 \u0441\u0432\u0456\u0439 \u043f\u0440\u043e\u0435\u043a\u0442.","og_url":"https:\/\/vellumfinance.com\/uk\/contact-us\/","og_site_name":"Vellum Finance & Patrimoine","article_publisher":"https:\/\/www.facebook.com\/vellumfinance\/","article_modified_time":"2026-01-12T20:07:39+00:00","og_image":[{"width":1600,"height":630,"url":"https:\/\/vellumfinance.com\/wp-content\/uploads\/2025\/11\/FB_Cover.jpg","type":"image\/jpeg"}],"twitter_card":"summary_large_image","twitter_site":"@VellumFinance","twitter_misc":{"\u041f\u0440\u0438\u0431\u043b. \u0447\u0430\u0441 \u0447\u0438\u0442\u0430\u043d\u043d\u044f":"1 \u0445\u0432\u0438\u043b\u0438\u043d\u0430"},"schema":{"@context":"https:\/\/schema.org","@graph":[{"@type":"WebPage","@id":"https:\/\/vellumfinance.com\/uk\/contact-us\/","url":"https:\/\/vellumfinance.com\/uk\/contact-us\/","name":"\u0417\u0432'\u044f\u0436\u0456\u0442\u044c\u0441\u044f \u0437 \u043d\u0430\u043c\u0438 - Vellum Finance & Patrimoine","isPartOf":{"@id":"https:\/\/vellumfinance.com\/uk\/#website"},"datePublished":"2014-12-15T18:54:51+00:00","dateModified":"2026-01-12T20:07:39+00:00","description":"\u0417\u0432\u0435\u0440\u043d\u0456\u0442\u044c\u0441\u044f \u0434\u043e \u043a\u043e\u043c\u0430\u043d\u0434\u0438 \u043a\u043e\u043d\u0441\u0443\u043b\u044c\u0442\u0430\u043d\u0442\u0456\u0432 \u0437 \u0443\u043f\u0440\u0430\u0432\u043b\u0456\u043d\u043d\u044f \u0430\u043a\u0442\u0438\u0432\u0430\u043c\u0438, \u043a\u043e\u043d\u0441\u0443\u043b\u044c\u0442\u0430\u043d\u0442\u0456\u0432 \u0437 \u043e\u043f\u0442\u0438\u043c\u0456\u0437\u0430\u0446\u0456\u0457 \u043e\u043f\u043e\u0434\u0430\u0442\u043a\u0443\u0432\u0430\u043d\u043d\u044f \u0430\u0431\u043e \u0434\u043e \u043d\u0430\u0448\u043e\u0457 \u043a\u043e\u043c\u0430\u043d\u0434\u0438 \u0437 \u043f\u0440\u043e\u0434\u0430\u0436\u0443 \u0443 Vellum Finance & Patrimoine, \u0449\u043e\u0431 \u0440\u043e\u0437\u043f\u043e\u0447\u0430\u0442\u0438 \u0441\u0432\u0456\u0439 \u043f\u0440\u043e\u0435\u043a\u0442.","breadcrumb":{"@id":"https:\/\/vellumfinance.com\/uk\/contact-us\/#breadcrumb"},"inLanguage":"uk","potentialAction":[{"@type":"ReadAction","target":["https:\/\/vellumfinance.com\/uk\/contact-us\/"]}]},{"@type":"BreadcrumbList","@id":"https:\/\/vellumfinance.com\/uk\/contact-us\/#breadcrumb","itemListElement":[{"@type":"ListItem","position":1,"name":"Home","item":"https:\/\/vellumfinance.com\/uk\/"},{"@type":"ListItem","position":2,"name":"\u0417\u0432&rsquo;\u044f\u0436\u0456\u0442\u044c\u0441\u044f \u0437 \u043d\u0430\u043c\u0438"}]},{"@type":"WebSite","@id":"https:\/\/vellumfinance.com\/uk\/#website","url":"https:\/\/vellumfinance.com\/uk\/","name":"Vellum Finance & Patrimoine","description":"Discr\u00e9tion. Stabilit\u00e9. Prosp\u00e9rit\u00e9.","publisher":{"@id":"https:\/\/vellumfinance.com\/uk\/#organization"},"potentialAction":[{"@type":"SearchAction","target":{"@type":"EntryPoint","urlTemplate":"https:\/\/vellumfinance.com\/uk\/?s={search_term_string}"},"query-input":{"@type":"PropertyValueSpecification","valueRequired":true,"valueName":"search_term_string"}}],"inLanguage":"uk"},{"@type":"Organization","@id":"https:\/\/vellumfinance.com\/uk\/#organization","name":"Vellum Finance & Patrimoine","url":"https:\/\/vellumfinance.com\/uk\/","logo":{"@type":"ImageObject","inLanguage":"uk","@id":"https:\/\/vellumfinance.com\/uk\/#\/schema\/logo\/image\/","url":"https:\/\/vellumfinance.com\/wp-content\/uploads\/2025\/11\/Vellum_LogoL_dark.png","contentUrl":"https:\/\/vellumfinance.com\/wp-content\/uploads\/2025\/11\/Vellum_LogoL_dark.png","width":664,"height":243,"caption":"Vellum Finance & Patrimoine"},"image":{"@id":"https:\/\/vellumfinance.com\/uk\/#\/schema\/logo\/image\/"},"sameAs":["https:\/\/www.facebook.com\/vellumfinance\/","https:\/\/x.com\/VellumFinance","https:\/\/www.instagram.com\/vellumfinance\/","https:\/\/www.linkedin.com\/company\/vellum-finance-patrimoine\/","https:\/\/www.youtube.com\/@VellumFinance"],"description":"Bespoke wealth advisory for middle-class & affluent clients. We focus on secure, compliant strategies for legacy planning, global diversification & steady growth; preserving your family\u2019s future with confidence, stability & discretion.","email":"info@vellumfinance.com","telephone":"+33652480296","legalName":"Vellum Finance et Patrimoine","foundingDate":"2025-08-29","numberOfEmployees":{"@type":"QuantitativeValue","minValue":"1","maxValue":"10"}}]}},"_links":{"self":[{"href":"https:\/\/vellumfinance.com\/uk\/wp-json\/wp\/v2\/pages\/165881","targetHints":{"allow":["GET"]}}],"collection":[{"href":"https:\/\/vellumfinance.com\/uk\/wp-json\/wp\/v2\/pages"}],"about":[{"href":"https:\/\/vellumfinance.com\/uk\/wp-json\/wp\/v2\/types\/page"}],"author":[{"embeddable":true,"href":"https:\/\/vellumfinance.com\/uk\/wp-json\/wp\/v2\/users\/1"}],"replies":[{"embeddable":true,"href":"https:\/\/vellumfinance.com\/uk\/wp-json\/wp\/v2\/comments?post=165881"}],"version-history":[{"count":3,"href":"https:\/\/vellumfinance.com\/uk\/wp-json\/wp\/v2\/pages\/165881\/revisions"}],"predecessor-version":[{"id":165884,"href":"https:\/\/vellumfinance.com\/uk\/wp-json\/wp\/v2\/pages\/165881\/revisions\/165884"}],"wp:attachment":[{"href":"https:\/\/vellumfinance.com\/uk\/wp-json\/wp\/v2\/media?parent=165881"}],"curies":[{"name":"wp","href":"https:\/\/api.w.org\/{rel}","templated":true}]}}